{"id":2012,"date":"2022-09-05T10:12:58","date_gmt":"2022-09-05T10:12:58","guid":{"rendered":"https:\/\/neumaticout.web.uah.es\/wp\/?page_id=2012"},"modified":"2022-10-06T08:12:58","modified_gmt":"2022-10-06T08:12:58","slug":"programacion-evento-final","status":"publish","type":"page","link":"https:\/\/neumaticout.web.uah.es\/wp\/programacion-evento-final\/","title":{"rendered":"Programaci\u00f3n Evento Final"},"content":{"rendered":"<p><div class=\"fusion-fullwidth fullwidth-box fusion-builder-row-1 fusion-flex-container fusion-parallax-fixed nonhundred-percent-fullwidth non-hundred-percent-height-scrolling\" style=\"background-color: rgba(201,201,201,0.65);background-image: url(&quot;https:\/\/neumaticout.web.uah.es\/wp\/wp-content\/uploads\/2022\/02\/cristian-palmer-XexawgzYOBc-unsplash-scaled.jpg&quot;);background-position: center center;background-repeat: no-repeat;border-width: 0px 0px 0px 0px;border-color:var(--awb-color4);border-style:solid;-webkit-background-size:cover;-moz-background-size:cover;-o-background-size:cover;background-size:cover;background-attachment:fixed;\" data-preload-img=\"https:\/\/neumaticout.web.uah.es\/wp\/wp-content\/uploads\/2022\/02\/cristian-palmer-XexawgzYOBc-unsplash-scaled.jpg\" ><div class=\"fusion-builder-row fusion-row fusion-flex-align-items-flex-start fusion-flex-align-content-center\" style=\"max-width:1216.8px;margin-left: calc(-4% \/ 2 );margin-right: calc(-4% \/ 2 );\"><div class=\"fusion-layout-column fusion_builder_column fusion-builder-column-0 fusion_builder_column_1_1 1_1 fusion-flex-column fusion-animated\" data-animationType=\"fadeInUp\" data-animationDuration=\"0.8\" data-animationOffset=\"top-into-view\"><div class=\"fusion-column-wrapper fusion-flex-justify-content-center fusion-content-layout-column\" style=\"background-position:left top;background-repeat:no-repeat;-webkit-background-size:cover;-moz-background-size:cover;-o-background-size:cover;background-size:cover;padding: 20px 0px 0px 0px;\"><style type=\"text\/css\">@media only screen and (max-width:1024px) {.fusion-title.fusion-title-1{margin-top:0px!important; margin-right:0px!important;margin-bottom:31px!important;margin-left:0px!important;}}@media only screen and (max-width:640px) {.fusion-title.fusion-title-1{margin-top:0px!important; margin-right:0px!important;margin-bottom:20px!important; margin-left:0px!important;}}<\/style><div class=\"fusion-title title fusion-title-1 fusion-title-center fusion-title-text fusion-title-size-three\" style=\"margin-top:0px;margin-right:0px;margin-bottom:31px;margin-left:0px;\"><div class=\"title-sep-container title-sep-container-left\"><div class=\"title-sep sep-\" style=\"border-color:var(--awb-color4);\"><\/div><\/div><span class=\"awb-title-spacer\"><\/span><h3 class=\"title-heading-center fusion-responsive-typography-calculated\" style=\"margin:0;color:var(--awb-color1);--fontSize:50;line-height:1.5;\"><div>\n<p lang=\"es-ES\" style=\"text-align: center;\"><span lang=\"es-ES\">Contribuciones a la reducci\u00f3n de residuos en las zonas costeras y el mar, con la colaboraci\u00f3n de agentes del sector<\/span><\/p>\n<p lang=\"es-ES\" style=\"text-align: center;\">Evento Final<\/p>\n<\/div><\/h3><span class=\"awb-title-spacer\"><\/span><div class=\"title-sep-container title-sep-container-right\"><div class=\"title-sep sep-\" style=\"border-color:var(--awb-color4);\"><\/div><\/div><\/div><\/div><style type=\"text\/css\">.fusion-body .fusion-builder-column-0{width:100% !important;margin-top : 60px;margin-bottom : 0px;}.fusion-builder-column-0 > .fusion-column-wrapper {padding-top : 20px !important;padding-right : 0px !important;margin-right : 1.92%;padding-bottom : 0px !important;padding-left : 0px !important;margin-left : 1.92%;}@media only screen and (max-width:1024px) {.fusion-body .fusion-builder-column-0{width:100% !important;order : 0;}.fusion-builder-column-0 > .fusion-column-wrapper {margin-right : 1.92%;margin-left : 1.92%;}}@media only screen and (max-width:640px) {.fusion-body .fusion-builder-column-0{width:100% !important;order : 0;}.fusion-builder-column-0 > .fusion-column-wrapper {margin-right : 1.92%;margin-left : 1.92%;}}<\/style><\/div><\/div><style type=\"text\/css\">.fusion-body .fusion-flex-container.fusion-builder-row-1{ padding-top : 6vw;margin-top : 0px;padding-right : 0px;padding-bottom : 6vw;margin-bottom : 0px;padding-left : 0px;min-height:80vh;}<\/style><\/div><div class=\"fusion-fullwidth fullwidth-box fusion-builder-row-2 fusion-flex-container nonhundred-percent-fullwidth non-hundred-percent-height-scrolling\" style=\"background-color: rgba(255,255,255,0);background-position: center center;background-repeat: no-repeat;border-width: 0px 0px 0px 0px;border-color:var(--awb-color4);border-style:solid;\" ><div class=\"fusion-builder-row fusion-row fusion-flex-align-items-flex-start fusion-flex-justify-content-center\" style=\"max-width:1216.8px;margin-left: calc(-4% \/ 2 );margin-right: calc(-4% \/ 2 );\"><div class=\"fusion-layout-column fusion_builder_column fusion-builder-column-1 fusion_builder_column_4_5 4_5 fusion-flex-column\"><div class=\"fusion-column-wrapper fusion-flex-justify-content-flex-start fusion-content-layout-column\" style=\"background-position:left top;background-repeat:no-repeat;-webkit-background-size:cover;-moz-background-size:cover;-o-background-size:cover;background-size:cover;padding: 0px 0px 0px 0px;\"><style type=\"text\/css\">@media only screen and (max-width:1024px) {.fusion-title.fusion-title-2{margin-top:5%!important; margin-right:0px!important;margin-bottom:31px!important;margin-left:0px!important;}}@media only screen and (max-width:640px) {.fusion-title.fusion-title-2{margin-top:0px!important; margin-right:0px!important;margin-bottom:20px!important; margin-left:0px!important;}}<\/style><div class=\"fusion-title title fusion-title-2 fusion-title-center fusion-title-text fusion-title-size-one\" style=\"font-size:22px;margin-top:5%;margin-right:0px;margin-bottom:31px;margin-left:0px;\"><div class=\"title-sep-container title-sep-container-left\"><div class=\"title-sep sep-\" style=\"border-color:var(--awb-color4);\"><\/div><\/div><span class=\"awb-title-spacer\"><\/span><h1 class=\"title-heading-center fusion-responsive-typography-calculated\" style=\"margin:0;font-size:1em;color:var(--awb-color7);--fontSize:22;--minFontSize:22px;line-height:var(--awb-typography1-line-height);\"><h4 style=\"text-align: center;\">Programa del evento<\/h4><\/h1><span class=\"awb-title-spacer\"><\/span><div class=\"title-sep-container title-sep-container-right\"><div class=\"title-sep sep-\" style=\"border-color:var(--awb-color4);\"><\/div><\/div><\/div><style type=\"text\/css\">@media only screen and (max-width:1024px) {.fusion-title.fusion-title-3{margin-top:1%!important; margin-right:0px!important;margin-bottom:31px!important;margin-left:0px!important;}}@media only screen and (max-width:640px) {.fusion-title.fusion-title-3{margin-top:0px!important; margin-right:0px!important;margin-bottom:20px!important; margin-left:0px!important;}}<\/style><div class=\"fusion-title title fusion-title-3 fusion-title-center fusion-title-text fusion-title-size-two\" style=\"font-size:24px.;margin-top:1%;margin-right:0px;margin-bottom:31px;margin-left:0px;\"><div class=\"title-sep-container title-sep-container-left\"><div class=\"title-sep sep-\" style=\"border-color:var(--awb-color4);\"><\/div><\/div><span class=\"awb-title-spacer\"><\/span><h2 class=\"title-heading-center fusion-responsive-typography-calculated\" style=\"margin:0;font-size:1em;color:var(--awb-color6);--fontSize:24.;--minFontSize:24px.;line-height:1.3;\"><div>\n<p style=\"text-align: center;\"><span lang=\"es-ES\">Fecha:\u00a0<\/span><span lang=\"es-ES\">Martes,\u00a020\u00a0de septiembre de 2022<\/span><\/p>\n<\/div>\n<div>\n<p style=\"text-align: center;\"><span lang=\"es-ES\">Localizaci\u00f3n:\u00a0<\/span><span lang=\"es-ES\">Aula Magna \u2013 Facultad de Ciencias Econ\u00f3micas, Empresariales y Turismo de la Universidad de Alcal\u00e1<\/span><\/p>\n<p style=\"text-align: center;\">Plaza de la Victoria, s\/n. Alcal\u00e1 de Henares<\/p>\n<\/div><\/h2><span class=\"awb-title-spacer\"><\/span><div class=\"title-sep-container title-sep-container-right\"><div class=\"title-sep sep-\" style=\"border-color:var(--awb-color4);\"><\/div><\/div><\/div><\/div><style type=\"text\/css\">.fusion-body .fusion-builder-column-1{width:80% !important;margin-top : 5%;margin-bottom : 20px;}.fusion-builder-column-1 > .fusion-column-wrapper {padding-top : 0px !important;padding-right : 0px !important;margin-right : 2.4%;padding-bottom : 0px !important;padding-left : 0px !important;margin-left : 2.4%;}@media only screen and (max-width:1024px) {.fusion-body .fusion-builder-column-1{width:100% !important;order : 0;}.fusion-builder-column-1 > .fusion-column-wrapper {margin-right : 1.92%;margin-left : 1.92%;}}@media only screen and (max-width:640px) {.fusion-body .fusion-builder-column-1{width:100% !important;order : 0;}.fusion-builder-column-1 > .fusion-column-wrapper {margin-right : 1.92%;margin-left : 1.92%;}}<\/style><\/div><div class=\"fusion-layout-column fusion_builder_column fusion-builder-column-2 fusion_builder_column_4_5 4_5 fusion-flex-column fusion-flex-align-self-center\"><div class=\"fusion-column-wrapper fusion-flex-justify-content-flex-start fusion-content-layout-row\" style=\"background-position:left top;background-repeat:no-repeat;-webkit-background-size:cover;-moz-background-size:cover;-o-background-size:cover;background-size:cover;padding: 0px 0px 0px 0px;\"><style type=\"text\/css\">@media only screen and (max-width:1024px) {.fusion-title.fusion-title-4{margin-top:0px!important; margin-right:0px!important;margin-bottom:31px!important;margin-left:0px!important;}}@media only screen and (max-width:640px) {.fusion-title.fusion-title-4{margin-top:0px!important; margin-right:0px!important;margin-bottom:20px!important; margin-left:0px!important;}}<\/style><div class=\"fusion-title title fusion-title-4 fusion-title-text fusion-title-size-four\" style=\"margin-top:0px;margin-right:0px;margin-bottom:31px;margin-left:0px;\"><div class=\"title-sep-container title-sep-container-left fusion-no-large-visibility fusion-no-medium-visibility fusion-no-small-visibility\"><div class=\"title-sep sep-\" style=\"border-color:var(--awb-color4);\"><\/div><\/div><span class=\"awb-title-spacer fusion-no-large-visibility fusion-no-medium-visibility fusion-no-small-visibility\"><\/span><h4 class=\"title-heading-left fusion-responsive-typography-calculated\" style=\"margin:0;--fontSize:20;--minFontSize:20px;line-height:1.5;\">Horario de actividades<\/h4><span class=\"awb-title-spacer\"><\/span><div class=\"title-sep-container title-sep-container-right\"><div class=\"title-sep sep-\" style=\"border-color:var(--awb-color4);\"><\/div><\/div><\/div><div class=\"fusion-text fusion-text-1\"><p><strong>09:30 a 10:00\u00a0<\/strong>\u2013 Bienvenida \/ inauguraci\u00f3n del evento<\/p>\n<p><em>Luis Felipe Rivera Galicia, Decano de la Facultad<\/em><\/p>\n<p><em>Margarita Junza Falc\u00f3n, Fundaci\u00f3n Biodiversidad<\/em><\/p>\n<p><em>H\u00e9ctor del Castillo Fern\u00e1ndez, Proyecto NeumaticOUT <\/em><\/p>\n<p><strong>\u00a0<\/strong><strong>10:00 a 11:00<\/strong>\u00a0\u2013 Presentaci\u00f3n de resultados del proyecto NeumaticOUT: Abandono de Neum\u00e1ticos Fuera de Uso en espacios de Red Natura 2000: An\u00e1lisis del fen\u00f3meno, reducci\u00f3n y valorizaci\u00f3n del residuo<\/p>\n<p><strong>11:00 a 12:00<\/strong>\u00a0\u2013 Presentaci\u00f3n de resultados de proyectos del Eje 5 del programa Pleamar 2021<\/p>\n<ul>\n<li>OBAM II: Observatorio de Basuras Marinas<\/li>\n<\/ul>\n<p><em>\u00a0 \u00a0 \u00a0 \u00a0 \u00a0 \u00a0B\u00e1rbara Abaroa P\u00e9rez, reserva de la Biosfera de Fuerteventura<\/em><\/p>\n<ul>\n<li>REDUSE II: Desarrollo de Sistemas de Gesti\u00f3n Responsable de Artes de Pesca<\/li>\n<\/ul>\n<p><em>\u00a0 \u00a0 \u00a0 \u00a0 \u00a0 \u00a0Nadia Moalla Gil, Confederaci\u00f3n Espa\u00f1ola de Pesca (CEPESCA)<\/em><\/p>\n<ul>\n<li>RE-MAR III: Custodia ambiental para la reducci\u00f3n de residuos en el espacio marino protegido del Arco Atl\u00e1ntico Gallego<\/li>\n<\/ul>\n<p><em>\u00a0 \u00a0 \u00a0 \u00a0 \u00a0 \u00a0Xo\u00e1n Espa\u00f1a Vidal, Adriana Miguens Gonz\u00e1lez, Alfonso P\u00e9rez Espinazo y Vanesa Tub\u00edo Tub\u00edo, Asociaci\u00f3n AMICOS<\/em><\/p>\n<ul>\n<li>MEDPELLETS: Estado y din\u00e1micas de contaminaci\u00f3n por pellets en el Mediterr\u00e1neo Occidental<\/li>\n<\/ul>\n<p><em>\u00a0 \u00a0 \u00a0 \u00a0 \u00a0 Jordi Oliva Farriol, GoodKarma Projects<\/em><\/p>\n<p><strong>\u00a0<\/strong><strong>12:00 a 12:30<\/strong>\u00a0\u2013 Caf\u00e9 \/ descanso<\/p>\n<p><strong>12:30 a 13:00<\/strong>\u00a0\u2013 Presentaci\u00f3n de documento colaborativo elaborado por los 5 proyectos del Eje 5 del programa Pleamar 2021 \u201cReflexiones y retos para la reducci\u00f3n de la cantidad de residuos existentes en las zonas costeras y el mar, con la colaboraci\u00f3n de los pescadores, contribuyendo a un mejor estado de conservaci\u00f3n de los recursos biol\u00f3gicos marinos y de sus h\u00e1bitats\u201d<\/p>\n<p><strong>\u00a0<\/strong><strong>13:00 a 14:00<\/strong>\u00a0\u2013Mesa redonda: \u201cDesaf\u00edos en la gesti\u00f3n y valorizaci\u00f3n de residuos: la econom\u00eda circular y los ODS en la mirada\u201d.<\/p>\n<p><em>Javier Carrillo Hermosilla, Departamento de Econom\u00eda y Direcci\u00f3n de Empresas, Universidad de Alcal\u00e1.<\/em><\/p>\n<p><em>Mar\u00eda Jes\u00fas Salado Garc\u00eda, Departamento de Geolog\u00eda, Geograf\u00eda y Medio Ambiente, Universidad de Alcal\u00e1.<\/em><\/p>\n<p><em>Isabel L\u00f3pez-Rivadulla S\u00e1ndez, Directora de Comunicaci\u00f3n y Marketing en SIGNUS Ecovalor<\/em><\/p>\n<p><em>Cristina Rodr\u00edguez Benavente, Secretaria de la Federaci\u00f3n Nacional de Cofrad\u00edas de Pescadores<\/em><\/p>\n<p><i>Andrea Ruzo Garc\u00eda. Directora de la Fundaci\u00f3n ECOALF<\/i><\/p>\n<p><strong>14:00 a 14:30<\/strong>\u00a0\u2013 Encuentro entre estudiantes participantes en las acciones de retirada y caracterizaci\u00f3n de residuos del proyecto NeumaticOUT.<\/p>\n<p><strong>\u00a0<\/strong><strong>14:30 a 16:00<\/strong>\u00a0&#8211; Networking<\/p>\n<\/div><style type=\"text\/css\">@media only screen and (max-width:1024px) {.fusion-title.fusion-title-5{margin-top:0px!important; margin-right:0px!important;margin-bottom:31px!important;margin-left:0px!important;}}@media only screen and (max-width:640px) {.fusion-title.fusion-title-5{margin-top:0px!important; margin-right:0px!important;margin-bottom:20px!important; margin-left:0px!important;}}<\/style><div class=\"fusion-title title fusion-title-5 fusion-title-center fusion-title-text fusion-title-size-four\" style=\"margin-top:0px;margin-right:0px;margin-bottom:31px;margin-left:0px;\"><div class=\"title-sep-container title-sep-container-left\"><div class=\"title-sep sep-\" style=\"border-color:var(--awb-color4);\"><\/div><\/div><span class=\"awb-title-spacer\"><\/span><h4 class=\"title-heading-center fusion-responsive-typography-calculated\" style=\"margin:0;--fontSize:20;--minFontSize:20px;line-height:1.5;\"><a href=\"https:\/\/neumaticout.web.uah.es\/wp\/wp-content\/uploads\/2022\/09\/Programa-NeumaticOUT-evento-final-.pdf\" target=\"_blank\" rel=\"noopener\">Descarga el programa en PDF<\/a><\/h4><span class=\"awb-title-spacer\"><\/span><div class=\"title-sep-container title-sep-container-right\"><div class=\"title-sep sep-\" style=\"border-color:var(--awb-color4);\"><\/div><\/div><\/div><\/div><style type=\"text\/css\">.fusion-body .fusion-builder-column-2{width:80% !important;margin-top : 0px;margin-bottom : 20px;}.fusion-builder-column-2 > .fusion-column-wrapper {padding-top : 0px !important;padding-right : 0px !important;margin-right : 2.4%;padding-bottom : 0px !important;padding-left : 0px !important;margin-left : 2.4%;}@media only screen and (max-width:1024px) {.fusion-body .fusion-builder-column-2{width:100% !important;order : 0;}.fusion-builder-column-2 > .fusion-column-wrapper {margin-right : 1.92%;margin-left : 1.92%;}}@media only screen and (max-width:640px) {.fusion-body .fusion-builder-column-2{width:100% !important;order : 0;}.fusion-builder-column-2 > .fusion-column-wrapper {margin-right : 1.92%;margin-left : 1.92%;}}<\/style><\/div><\/div><style type=\"text\/css\">.fusion-body .fusion-flex-container.fusion-builder-row-2{ padding-top : 0px;margin-top : -3%;padding-right : 0px;padding-bottom : 0px;margin-bottom : 0px;padding-left : 0px;}<\/style><\/div><\/p>\n","protected":false},"excerpt":{"rendered":"","protected":false},"author":1,"featured_media":0,"parent":0,"menu_order":0,"comment_status":"closed","ping_status":"closed","template":"100-width.php","meta":{"footnotes":""},"class_list":["post-2012","page","type-page","status-publish","hentry"],"yoast_head":"<!-- This site is optimized with the Yoast SEO plugin v19.0 - https:\/\/yoast.com\/wordpress\/plugins\/seo\/ -->\n<title>Programaci\u00f3n Evento Final - NeumaticOUT<\/title>\n<meta name=\"robots\" content=\"index, follow, max-snippet:-1, max-image-preview:large, max-video-preview:-1\" \/>\n<link rel=\"canonical\" href=\"https:\/\/neumaticout.web.uah.es\/wp\/programacion-evento-final\/\" \/>\n<meta property=\"og:locale\" content=\"es_ES\" \/>\n<meta property=\"og:type\" content=\"article\" \/>\n<meta property=\"og:title\" content=\"Programaci\u00f3n Evento Final - NeumaticOUT\" \/>\n<meta property=\"og:url\" content=\"https:\/\/neumaticout.web.uah.es\/wp\/programacion-evento-final\/\" \/>\n<meta property=\"og:site_name\" content=\"NeumaticOUT\" \/>\n<meta property=\"article:modified_time\" content=\"2022-10-06T08:12:58+00:00\" \/>\n<meta name=\"twitter:card\" content=\"summary_large_image\" \/>\n<meta name=\"twitter:label1\" content=\"Tiempo de lectura\" \/>\n\t<meta name=\"twitter:data1\" content=\"7 minutos\" \/>\n<script type=\"application\/ld+json\" class=\"yoast-schema-graph\">{\"@context\":\"https:\/\/schema.org\",\"@graph\":[{\"@type\":\"WebSite\",\"@id\":\"https:\/\/neumaticout.web.uah.es\/wp\/#website\",\"url\":\"https:\/\/neumaticout.web.uah.es\/wp\/\",\"name\":\"NeumaticOUT\",\"description\":\"\",\"potentialAction\":[{\"@type\":\"SearchAction\",\"target\":{\"@type\":\"EntryPoint\",\"urlTemplate\":\"https:\/\/neumaticout.web.uah.es\/wp\/?s={search_term_string}\"},\"query-input\":\"required name=search_term_string\"}],\"inLanguage\":\"es\"},{\"@type\":\"WebPage\",\"@id\":\"https:\/\/neumaticout.web.uah.es\/wp\/programacion-evento-final\/#webpage\",\"url\":\"https:\/\/neumaticout.web.uah.es\/wp\/programacion-evento-final\/\",\"name\":\"Programaci\u00f3n Evento Final - NeumaticOUT\",\"isPartOf\":{\"@id\":\"https:\/\/neumaticout.web.uah.es\/wp\/#website\"},\"datePublished\":\"2022-09-05T10:12:58+00:00\",\"dateModified\":\"2022-10-06T08:12:58+00:00\",\"breadcrumb\":{\"@id\":\"https:\/\/neumaticout.web.uah.es\/wp\/programacion-evento-final\/#breadcrumb\"},\"inLanguage\":\"es\",\"potentialAction\":[{\"@type\":\"ReadAction\",\"target\":[\"https:\/\/neumaticout.web.uah.es\/wp\/programacion-evento-final\/\"]}]},{\"@type\":\"BreadcrumbList\",\"@id\":\"https:\/\/neumaticout.web.uah.es\/wp\/programacion-evento-final\/#breadcrumb\",\"itemListElement\":[{\"@type\":\"ListItem\",\"position\":1,\"name\":\"Portada\",\"item\":\"https:\/\/neumaticout.web.uah.es\/wp\/\"},{\"@type\":\"ListItem\",\"position\":2,\"name\":\"Programaci\u00f3n Evento Final\"}]}]}<\/script>\n<!-- \/ Yoast SEO plugin. -->","yoast_head_json":{"title":"Programaci\u00f3n Evento Final - NeumaticOUT","robots":{"index":"index","follow":"follow","max-snippet":"max-snippet:-1","max-image-preview":"max-image-preview:large","max-video-preview":"max-video-preview:-1"},"canonical":"https:\/\/neumaticout.web.uah.es\/wp\/programacion-evento-final\/","og_locale":"es_ES","og_type":"article","og_title":"Programaci\u00f3n Evento Final - NeumaticOUT","og_url":"https:\/\/neumaticout.web.uah.es\/wp\/programacion-evento-final\/","og_site_name":"NeumaticOUT","article_modified_time":"2022-10-06T08:12:58+00:00","twitter_card":"summary_large_image","twitter_misc":{"Tiempo de lectura":"7 minutos"},"schema":{"@context":"https:\/\/schema.org","@graph":[{"@type":"WebSite","@id":"https:\/\/neumaticout.web.uah.es\/wp\/#website","url":"https:\/\/neumaticout.web.uah.es\/wp\/","name":"NeumaticOUT","description":"","potentialAction":[{"@type":"SearchAction","target":{"@type":"EntryPoint","urlTemplate":"https:\/\/neumaticout.web.uah.es\/wp\/?s={search_term_string}"},"query-input":"required name=search_term_string"}],"inLanguage":"es"},{"@type":"WebPage","@id":"https:\/\/neumaticout.web.uah.es\/wp\/programacion-evento-final\/#webpage","url":"https:\/\/neumaticout.web.uah.es\/wp\/programacion-evento-final\/","name":"Programaci\u00f3n Evento Final - NeumaticOUT","isPartOf":{"@id":"https:\/\/neumaticout.web.uah.es\/wp\/#website"},"datePublished":"2022-09-05T10:12:58+00:00","dateModified":"2022-10-06T08:12:58+00:00","breadcrumb":{"@id":"https:\/\/neumaticout.web.uah.es\/wp\/programacion-evento-final\/#breadcrumb"},"inLanguage":"es","potentialAction":[{"@type":"ReadAction","target":["https:\/\/neumaticout.web.uah.es\/wp\/programacion-evento-final\/"]}]},{"@type":"BreadcrumbList","@id":"https:\/\/neumaticout.web.uah.es\/wp\/programacion-evento-final\/#breadcrumb","itemListElement":[{"@type":"ListItem","position":1,"name":"Portada","item":"https:\/\/neumaticout.web.uah.es\/wp\/"},{"@type":"ListItem","position":2,"name":"Programaci\u00f3n Evento Final"}]}]}},"_links":{"self":[{"href":"https:\/\/neumaticout.web.uah.es\/wp\/wp-json\/wp\/v2\/pages\/2012","targetHints":{"allow":["GET"]}}],"collection":[{"href":"https:\/\/neumaticout.web.uah.es\/wp\/wp-json\/wp\/v2\/pages"}],"about":[{"href":"https:\/\/neumaticout.web.uah.es\/wp\/wp-json\/wp\/v2\/types\/page"}],"author":[{"embeddable":true,"href":"https:\/\/neumaticout.web.uah.es\/wp\/wp-json\/wp\/v2\/users\/1"}],"replies":[{"embeddable":true,"href":"https:\/\/neumaticout.web.uah.es\/wp\/wp-json\/wp\/v2\/comments?post=2012"}],"version-history":[{"count":25,"href":"https:\/\/neumaticout.web.uah.es\/wp\/wp-json\/wp\/v2\/pages\/2012\/revisions"}],"predecessor-version":[{"id":2061,"href":"https:\/\/neumaticout.web.uah.es\/wp\/wp-json\/wp\/v2\/pages\/2012\/revisions\/2061"}],"wp:attachment":[{"href":"https:\/\/neumaticout.web.uah.es\/wp\/wp-json\/wp\/v2\/media?parent=2012"}],"curies":[{"name":"wp","href":"https:\/\/api.w.org\/{rel}","templated":true}]}}